{"id":6085,"date":"2020-06-03T09:09:30","date_gmt":"2020-06-03T09:09:30","guid":{"rendered":"https:\/\/demo.pro.radio\/wp1\/masonry-gallery\/"},"modified":"2026-04-13T21:19:41","modified_gmt":"2026-04-13T19:19:41","slug":"masonry-gallery","status":"publish","type":"page","link":"https:\/\/www.antiga.onadesants.cat\/masonry-gallery\/","title":{"rendered":"La R\u00e0dio"},"content":{"rendered":"<div class=\"elementor-element elementor-element-2ba5246 elementor-widget elementor-widget-text-editor\" data-id=\"2ba5246\" data-element_type=\"widget\" data-widget_type=\"text-editor.default\">\n<div class=\"elementor-widget-container\">\n<p>Ona de Sants-Montju\u00efc t\u00e9 un \u00fanic estudi de directe on es possible enregistrar qualsevol entrevista telef\u00f2nica o des de la unitat m\u00f2bil.<\/p>\n<\/div>\n<\/div>\n<div class=\"elementor-element elementor-element-3931d67 elementor-widget elementor-widget-text-editor\" data-id=\"3931d67\" data-element_type=\"widget\" data-widget_type=\"text-editor.default\">\n<div class=\"elementor-widget-container\">\n<p>L\u2019estudi de directe es divideix en un locutori amb taula rodona, 5 micr\u00f2fons\u00a0<em><strong>SHURE SM 58<\/strong>\u00a0i\u00a0<strong>SM 48 <\/strong><\/em>amb un mesclador independent amb compressor, i un distribu\u00efdor d\u2019auriculars<strong><em>\u00a0Behringer<\/em><\/strong>.Hi ha espai per a posar-hi fins a 2 micr\u00f2fons addicionals i per a p\u00fablic a la mateixa sala. Est\u00e0 insonoritzat i disposa de portes especials amb llana de roca interior, que a m\u00e9s actuen com tallafocs.<\/p>\n<p>El control t\u00e8cnic disposa d\u2019una taula<em><strong>\u00a0AEQ BRAVO<\/strong><\/em>, dos lectors dobles CD MP3 amb entrades d\u2019USB i SD <strong><em>IBIZA Sound<\/em><\/strong>, ordinador\u00a0<strong><em>Intel I5 10thGen<\/em><\/strong> amb 3 targetes de so(una exclusiva per enregistraments) i pantalla de 21\u2033, 1 micr\u00f2fon <strong>RODE PROCASTER.<\/strong><\/p>\n<p>1 PC per streaming d&#8217;audio i un MiniPC com servidor de streaming de video.<\/p>\n<p><em><strong>. <\/strong><\/em>Tota la r\u00e0dio disposa de Wi-Fi a m\u00e0xima velocitat amb Fibra \u00d2ptica de 1Gb sim\u00e8trica.<\/p>\n<p>Actualitzaci\u00f3 2025<\/p>\n<p>Locutori i Control T\u00e8cnic, disposen de climatitzador fred\/calor<\/p>\n<p>Hi ha dues webcams, una c\u00e0mara PTZ FullHD 1080\u00a0 <em><strong>OBSBOT Tiny<\/strong><\/em> i c\u00e0mara PTZ 4K <strong>OBSBOT Tiny 2 Lite<\/strong>, ambdues amb IA, que detecten els gestos i poden seguir el moviment de la persona al estudi. que emeten pel servidor \u00fanic i propi de videostream, gestionades des de un PC AMD Ryzen.<\/p>\n<p>Disposem d\u2019Unitat M\u00f2bil, amb audioc\u00f2dec IP AEQ Mercury, per transmissions des de qualsevol lloc del m\u00f3n.<\/p>\n<p>Comptem tamb\u00e9 amb un espai de redacci\u00f3, amb un ordinador en xarxa, cadires, taules i pissarres per a reunions i\/o preparaci\u00f3 dels espais.<\/p>\n<\/div>\n<\/div>\n<div id='gallery-1' class='gallery galleryid-6085 gallery-columns-3 gallery-size-medium'><figure class='gallery-item'>\n\t\t\t<div class='gallery-icon portrait'>\n\t\t\t\t<a href='https:\/\/www.antiga.onadesants.cat\/wp-content\/uploads\/2024\/02\/WhatsApp-Image-2024-01-22-at-19.16.58.jpeg'><img fetchpriority=\"high\" decoding=\"async\" width=\"578\" height=\"770\" src=\"https:\/\/www.antiga.onadesants.cat\/wp-content\/uploads\/2024\/02\/WhatsApp-Image-2024-01-22-at-19.16.58-578x770.jpeg\" class=\"attachment-medium size-medium\" alt=\"\" srcset=\"https:\/\/www.antiga.onadesants.cat\/wp-content\/uploads\/2024\/02\/WhatsApp-Image-2024-01-22-at-19.16.58-578x770.jpeg 578w, https:\/\/www.antiga.onadesants.cat\/wp-content\/uploads\/2024\/02\/WhatsApp-Image-2024-01-22-at-19.16.58-878x1170.jpeg 878w, https:\/\/www.antiga.onadesants.cat\/wp-content\/uploads\/2024\/02\/WhatsApp-Image-2024-01-22-at-19.16.58-768x1024.jpeg 768w, https:\/\/www.antiga.onadesants.cat\/wp-content\/uploads\/2024\/02\/WhatsApp-Image-2024-01-22-at-19.16.58-1152x1536.jpeg 1152w, https:\/\/www.antiga.onadesants.cat\/wp-content\/uploads\/2024\/02\/WhatsApp-Image-2024-01-22-at-19.16.58.jpeg 1536w\" sizes=\"(max-width: 578px) 100vw, 578px\" \/><\/a>\n\t\t\t<\/div><\/figure><figure class='gallery-item'>\n\t\t\t<div class='gallery-icon portrait'>\n\t\t\t\t<a href='https:\/\/www.antiga.onadesants.cat\/wp-content\/uploads\/2024\/02\/WhatsApp-Image-2024-01-22-at-19.16.53.jpeg'><img decoding=\"async\" width=\"578\" height=\"770\" src=\"https:\/\/www.antiga.onadesants.cat\/wp-content\/uploads\/2024\/02\/WhatsApp-Image-2024-01-22-at-19.16.53-578x770.jpeg\" class=\"attachment-medium size-medium\" alt=\"\" srcset=\"https:\/\/www.antiga.onadesants.cat\/wp-content\/uploads\/2024\/02\/WhatsApp-Image-2024-01-22-at-19.16.53-578x770.jpeg 578w, https:\/\/www.antiga.onadesants.cat\/wp-content\/uploads\/2024\/02\/WhatsApp-Image-2024-01-22-at-19.16.53-878x1170.jpeg 878w, https:\/\/www.antiga.onadesants.cat\/wp-content\/uploads\/2024\/02\/WhatsApp-Image-2024-01-22-at-19.16.53-768x1024.jpeg 768w, https:\/\/www.antiga.onadesants.cat\/wp-content\/uploads\/2024\/02\/WhatsApp-Image-2024-01-22-at-19.16.53-1152x1536.jpeg 1152w, https:\/\/www.antiga.onadesants.cat\/wp-content\/uploads\/2024\/02\/WhatsApp-Image-2024-01-22-at-19.16.53.jpeg 1536w\" sizes=\"(max-width: 578px) 100vw, 578px\" \/><\/a>\n\t\t\t<\/div><\/figure><figure class='gallery-item'>\n\t\t\t<div class='gallery-icon portrait'>\n\t\t\t\t<a href='https:\/\/www.antiga.onadesants.cat\/wp-content\/uploads\/2024\/02\/WhatsApp-Image-2024-01-22-at-19.16.48.jpeg'><img decoding=\"async\" width=\"578\" height=\"770\" src=\"https:\/\/www.antiga.onadesants.cat\/wp-content\/uploads\/2024\/02\/WhatsApp-Image-2024-01-22-at-19.16.48-578x770.jpeg\" class=\"attachment-medium size-medium\" alt=\"\" srcset=\"https:\/\/www.antiga.onadesants.cat\/wp-content\/uploads\/2024\/02\/WhatsApp-Image-2024-01-22-at-19.16.48-578x770.jpeg 578w, https:\/\/www.antiga.onadesants.cat\/wp-content\/uploads\/2024\/02\/WhatsApp-Image-2024-01-22-at-19.16.48-878x1170.jpeg 878w, https:\/\/www.antiga.onadesants.cat\/wp-content\/uploads\/2024\/02\/WhatsApp-Image-2024-01-22-at-19.16.48-768x1024.jpeg 768w, https:\/\/www.antiga.onadesants.cat\/wp-content\/uploads\/2024\/02\/WhatsApp-Image-2024-01-22-at-19.16.48-1152x1536.jpeg 1152w, https:\/\/www.antiga.onadesants.cat\/wp-content\/uploads\/2024\/02\/WhatsApp-Image-2024-01-22-at-19.16.48.jpeg 1536w\" sizes=\"(max-width: 578px) 100vw, 578px\" \/><\/a>\n\t\t\t<\/div><\/figure><figure class='gallery-item'>\n\t\t\t<div class='gallery-icon portrait'>\n\t\t\t\t<a href='https:\/\/www.antiga.onadesants.cat\/wp-content\/uploads\/2024\/02\/WhatsApp-Image-2024-01-22-at-19.16.37.jpeg'><img loading=\"lazy\" decoding=\"async\" width=\"578\" height=\"770\" src=\"https:\/\/www.antiga.onadesants.cat\/wp-content\/uploads\/2024\/02\/WhatsApp-Image-2024-01-22-at-19.16.37-578x770.jpeg\" class=\"attachment-medium size-medium\" alt=\"\" srcset=\"https:\/\/www.antiga.onadesants.cat\/wp-content\/uploads\/2024\/02\/WhatsApp-Image-2024-01-22-at-19.16.37-578x770.jpeg 578w, https:\/\/www.antiga.onadesants.cat\/wp-content\/uploads\/2024\/02\/WhatsApp-Image-2024-01-22-at-19.16.37-878x1170.jpeg 878w, https:\/\/www.antiga.onadesants.cat\/wp-content\/uploads\/2024\/02\/WhatsApp-Image-2024-01-22-at-19.16.37-768x1024.jpeg 768w, https:\/\/www.antiga.onadesants.cat\/wp-content\/uploads\/2024\/02\/WhatsApp-Image-2024-01-22-at-19.16.37-1152x1536.jpeg 1152w, https:\/\/www.antiga.onadesants.cat\/wp-content\/uploads\/2024\/02\/WhatsApp-Image-2024-01-22-at-19.16.37.jpeg 1536w\" sizes=\"(max-width: 578px) 100vw, 578px\" \/><\/a>\n\t\t\t<\/div><\/figure><figure class='gallery-item'>\n\t\t\t<div class='gallery-icon portrait'>\n\t\t\t\t<a href='https:\/\/www.antiga.onadesants.cat\/wp-content\/uploads\/2024\/02\/WhatsApp-Image-2024-01-22-at-19.16.36.jpeg'><img loading=\"lazy\" decoding=\"async\" width=\"578\" height=\"770\" src=\"https:\/\/www.antiga.onadesants.cat\/wp-content\/uploads\/2024\/02\/WhatsApp-Image-2024-01-22-at-19.16.36-578x770.jpeg\" class=\"attachment-medium size-medium\" alt=\"\" srcset=\"https:\/\/www.antiga.onadesants.cat\/wp-content\/uploads\/2024\/02\/WhatsApp-Image-2024-01-22-at-19.16.36-578x770.jpeg 578w, https:\/\/www.antiga.onadesants.cat\/wp-content\/uploads\/2024\/02\/WhatsApp-Image-2024-01-22-at-19.16.36-878x1170.jpeg 878w, https:\/\/www.antiga.onadesants.cat\/wp-content\/uploads\/2024\/02\/WhatsApp-Image-2024-01-22-at-19.16.36-768x1024.jpeg 768w, https:\/\/www.antiga.onadesants.cat\/wp-content\/uploads\/2024\/02\/WhatsApp-Image-2024-01-22-at-19.16.36-1152x1536.jpeg 1152w, https:\/\/www.antiga.onadesants.cat\/wp-content\/uploads\/2024\/02\/WhatsApp-Image-2024-01-22-at-19.16.36.jpeg 1536w\" sizes=\"(max-width: 578px) 100vw, 578px\" \/><\/a>\n\t\t\t<\/div><\/figure><figure class='gallery-item'>\n\t\t\t<div class='gallery-icon landscape'>\n\t\t\t\t<a href='https:\/\/www.antiga.onadesants.cat\/wp-content\/uploads\/2024\/02\/WhatsApp-Image-2024-01-22-at-19.16.35.jpeg'><img loading=\"lazy\" decoding=\"async\" width=\"770\" height=\"578\" src=\"https:\/\/www.antiga.onadesants.cat\/wp-content\/uploads\/2024\/02\/WhatsApp-Image-2024-01-22-at-19.16.35-770x578.jpeg\" class=\"attachment-medium size-medium\" alt=\"\" srcset=\"https:\/\/www.antiga.onadesants.cat\/wp-content\/uploads\/2024\/02\/WhatsApp-Image-2024-01-22-at-19.16.35-770x578.jpeg 770w, https:\/\/www.antiga.onadesants.cat\/wp-content\/uploads\/2024\/02\/WhatsApp-Image-2024-01-22-at-19.16.35-1170x878.jpeg 1170w, https:\/\/www.antiga.onadesants.cat\/wp-content\/uploads\/2024\/02\/WhatsApp-Image-2024-01-22-at-19.16.35-768x576.jpeg 768w, https:\/\/www.antiga.onadesants.cat\/wp-content\/uploads\/2024\/02\/WhatsApp-Image-2024-01-22-at-19.16.35-1536x1152.jpeg 1536w, https:\/\/www.antiga.onadesants.cat\/wp-content\/uploads\/2024\/02\/WhatsApp-Image-2024-01-22-at-19.16.35.jpeg 2048w\" sizes=\"(max-width: 770px) 100vw, 770px\" \/><\/a>\n\t\t\t<\/div><\/figure>\n\t\t<\/div>\n\n<p>&nbsp;<\/p>\n","protected":false},"excerpt":{"rendered":"<p>Ona de Sants-Montju\u00efc t\u00e9 un \u00fanic estudi de directe on es possible enregistrar qualsevol entrevista telef\u00f2nica o des de la unitat m\u00f2bil. L\u2019estudi de directe es divideix en un locutori amb taula rodona, 5 micr\u00f2fons\u00a0SHURE SM 58\u00a0i\u00a0SM 48 amb un mesclador independent amb compressor, i un distribu\u00efdor d\u2019auriculars\u00a0Behringer.Hi ha espai ...<\/p>\n","protected":false},"author":1,"featured_media":11691,"parent":0,"menu_order":0,"comment_status":"closed","ping_status":"closed","template":"","meta":{"footnotes":""},"class_list":["post-6085","page","type-page","status-publish","has-post-thumbnail","hentry"],"_links":{"self":[{"href":"https:\/\/www.antiga.onadesants.cat\/wp-json\/wp\/v2\/pages\/6085","targetHints":{"allow":["GET"]}}],"collection":[{"href":"https:\/\/www.antiga.onadesants.cat\/wp-json\/wp\/v2\/pages"}],"about":[{"href":"https:\/\/www.antiga.onadesants.cat\/wp-json\/wp\/v2\/types\/page"}],"author":[{"embeddable":true,"href":"https:\/\/www.antiga.onadesants.cat\/wp-json\/wp\/v2\/users\/1"}],"replies":[{"embeddable":true,"href":"https:\/\/www.antiga.onadesants.cat\/wp-json\/wp\/v2\/comments?post=6085"}],"version-history":[{"count":16,"href":"https:\/\/www.antiga.onadesants.cat\/wp-json\/wp\/v2\/pages\/6085\/revisions"}],"predecessor-version":[{"id":11692,"href":"https:\/\/www.antiga.onadesants.cat\/wp-json\/wp\/v2\/pages\/6085\/revisions\/11692"}],"wp:featuredmedia":[{"embeddable":true,"href":"https:\/\/www.antiga.onadesants.cat\/wp-json\/wp\/v2\/media\/11691"}],"wp:attachment":[{"href":"https:\/\/www.antiga.onadesants.cat\/wp-json\/wp\/v2\/media?parent=6085"}],"curies":[{"name":"wp","href":"https:\/\/api.w.org\/{rel}","templated":true}]}}