{"id":6445,"date":"2024-02-03T12:19:55","date_gmt":"2024-02-03T11:19:55","guid":{"rendered":"https:\/\/www.antiga.onadesants.cat\/?page_id=6445"},"modified":"2026-04-16T13:07:37","modified_gmt":"2026-04-16T11:07:37","slug":"anunciat","status":"publish","type":"page","link":"https:\/\/www.antiga.onadesants.cat\/anunciat\/","title":{"rendered":"Anuncia&#8217;t"},"content":{"rendered":"\t\t<div data-elementor-type=\"wp-page\" data-elementor-id=\"6445\" class=\"elementor elementor-6445\">\n\t\t\t\t<div class=\"elementor-element elementor-element-60afc7d1 e-flex e-con-boxed e-con e-parent\" data-id=\"60afc7d1\" data-element_type=\"container\" data-e-type=\"container\">\n\t\t\t\t\t<div class=\"e-con-inner\">\n\t\t\t\t<div class=\"elementor-element elementor-element-f06c43d elementor-widget elementor-widget-text-editor\" data-id=\"f06c43d\" data-element_type=\"widget\" data-e-type=\"widget\" data-widget_type=\"text-editor.default\">\n\t\t\t\t<div class=\"elementor-widget-container\">\n\t\t\t\t\t\t\t\t\t<p>Ona de Sants-Montju\u00efc \u00e9s un projecte comunitari de r\u00e0dio per\u00a0 a la gent del barri, del districte, de Barcelona. La nostra programaci\u00f3 s\u2019ha fet gr\u00e0cies al suport de les persones volunt\u00e0ries i amb la teva col\u00b7laboraci\u00f3 podem seguir oferint aquesta plataforma i millorar la nostra projecci\u00f3.<\/p><p>Et sorprendr\u00e0s dels aventatges d\u2019anunciar-te amb nosaltres\u2026<\/p><p>Escriu-nos a\u00a0<strong>ona@onadesants.com<\/strong>\u00a0amb les dades seg\u00fcents:<\/p><p>\u2013 El teu\u00a0<strong>nom<\/strong><\/p><p>\u2013\u00a0<strong>Tel\u00e8fon<\/strong>\u00a0de contacte<\/p>\t\t\t\t\t\t\t\t<\/div>\n\t\t\t\t<\/div>\n\t\t\t\t\t<\/div>\n\t\t\t\t<\/div>\n\t\t<div class=\"elementor-element elementor-element-ffa55cc e-flex e-con-boxed e-con e-parent\" data-id=\"ffa55cc\" data-element_type=\"container\" data-e-type=\"container\">\n\t\t\t\t\t<div class=\"e-con-inner\">\n\t\t\t\t\t<\/div>\n\t\t\t\t<\/div>\n\t\t\t\t<\/div>\n\t\t","protected":false},"excerpt":{"rendered":"<p>Ona de Sants-Montju\u00efc \u00e9s un projecte comunitari de r\u00e0dio per\u00a0 a la gent del barri, del districte, de Barcelona. La nostra programaci\u00f3 s\u2019ha fet gr\u00e0cies al suport de les persones volunt\u00e0ries i amb la teva col\u00b7laboraci\u00f3 podem seguir oferint aquesta plataforma i millorar la nostra projecci\u00f3. Et sorprendr\u00e0s dels aventatges ...<\/p>\n","protected":false},"author":1,"featured_media":0,"parent":0,"menu_order":0,"comment_status":"closed","ping_status":"closed","template":"","meta":{"footnotes":""},"class_list":["post-6445","page","type-page","status-publish","hentry"],"_links":{"self":[{"href":"https:\/\/www.antiga.onadesants.cat\/wp-json\/wp\/v2\/pages\/6445","targetHints":{"allow":["GET"]}}],"collection":[{"href":"https:\/\/www.antiga.onadesants.cat\/wp-json\/wp\/v2\/pages"}],"about":[{"href":"https:\/\/www.antiga.onadesants.cat\/wp-json\/wp\/v2\/types\/page"}],"author":[{"embeddable":true,"href":"https:\/\/www.antiga.onadesants.cat\/wp-json\/wp\/v2\/users\/1"}],"replies":[{"embeddable":true,"href":"https:\/\/www.antiga.onadesants.cat\/wp-json\/wp\/v2\/comments?post=6445"}],"version-history":[{"count":14,"href":"https:\/\/www.antiga.onadesants.cat\/wp-json\/wp\/v2\/pages\/6445\/revisions"}],"predecessor-version":[{"id":11733,"href":"https:\/\/www.antiga.onadesants.cat\/wp-json\/wp\/v2\/pages\/6445\/revisions\/11733"}],"wp:attachment":[{"href":"https:\/\/www.antiga.onadesants.cat\/wp-json\/wp\/v2\/media?parent=6445"}],"curies":[{"name":"wp","href":"https:\/\/api.w.org\/{rel}","templated":true}]}}